{"id":305,"date":"2022-10-24T14:22:40","date_gmt":"2022-10-24T14:22:40","guid":{"rendered":"https:\/\/evaluacionderiesgoslaborales.com\/tienda\/?post_type=product&#038;p=305"},"modified":"2022-10-24T15:08:12","modified_gmt":"2022-10-24T15:08:12","slug":"documentos-para-desarrollar-un-curso-de-riesgos-de-trabajo-en-oficinas-y-pvd","status":"publish","type":"product","link":"https:\/\/evaluacionderiesgoslaborales.com\/tienda\/producto\/documentos-para-desarrollar-un-curso-de-riesgos-de-trabajo-en-oficinas-y-pvd\/","title":{"rendered":"Documentos para desarrollar un curso de riesgos de trabajo en oficinas y PVD"},"content":{"rendered":"","protected":false},"excerpt":{"rendered":"<p>Durante mi trabajo como jefe de un Servicio de Prevenci\u00f3n de Riesgos Laborales, desarroll\u00e9 un curso de riesgos de trabajos en oficinas y PVD. Este paquete est\u00e1 especialmente dise\u00f1ado para servicios de prevenci\u00f3n propios y peque\u00f1os empresarios que impartan formaci\u00f3n. Tienes todos los documentos en Word de este curso para que puedas modificarlo y adaptarlo a tu empresa, a tus riesgos y necesidades.<\/p>\n<p>Entre la documentaci\u00f3n encontrar\u00e1s.<br \/>\n\u2022 Temario del curso<br \/>\n\u2022 Modelo de examen con respuestas<br \/>\n\u2022 Modelo de estudio de caso pr\u00e1ctico<br \/>\n\u2022 Modelo de pr\u00e1ctica<\/p>\n<p>Tambi\u00e9n es \u00fatil para aquellos que quieran conocer m\u00e1s sobre este tipo de curso. Recuerda que la formaci\u00f3n racionada con el art\u00edculo 19 de la LPRL solo puede ser impartida por la modalidad preventiva que tenga tu empresa.<\/p>\n<p>M\u00e1s sobre el autor del curso en: <a href=\"https:\/\/orcid.org\/0000-0002-1407-3118\">https:\/\/orcid.org\/0000-0002-1407-3118<\/a><\/p>\n","protected":false},"featured_media":309,"template":"","meta":[],"product_brand":[],"product_cat":[54],"product_tag":[],"class_list":{"0":"post-305","1":"product","2":"type-product","3":"status-publish","4":"has-post-thumbnail","6":"product_cat-cursos","8":"first","9":"instock","10":"downloadable","11":"virtual","12":"purchasable","13":"product-type-simple"},"_links":{"self":[{"href":"https:\/\/evaluacionderiesgoslaborales.com\/tienda\/wp-json\/wp\/v2\/product\/305","targetHints":{"allow":["GET"]}}],"collection":[{"href":"https:\/\/evaluacionderiesgoslaborales.com\/tienda\/wp-json\/wp\/v2\/product"}],"about":[{"href":"https:\/\/evaluacionderiesgoslaborales.com\/tienda\/wp-json\/wp\/v2\/types\/product"}],"wp:featuredmedia":[{"embeddable":true,"href":"https:\/\/evaluacionderiesgoslaborales.com\/tienda\/wp-json\/wp\/v2\/media\/309"}],"wp:attachment":[{"href":"https:\/\/evaluacionderiesgoslaborales.com\/tienda\/wp-json\/wp\/v2\/media?parent=305"}],"wp:term":[{"taxonomy":"product_brand","embeddable":true,"href":"https:\/\/evaluacionderiesgoslaborales.com\/tienda\/wp-json\/wp\/v2\/product_brand?post=305"},{"taxonomy":"product_cat","embeddable":true,"href":"https:\/\/evaluacionderiesgoslaborales.com\/tienda\/wp-json\/wp\/v2\/product_cat?post=305"},{"taxonomy":"product_tag","embeddable":true,"href":"https:\/\/evaluacionderiesgoslaborales.com\/tienda\/wp-json\/wp\/v2\/product_tag?post=305"}],"curies":[{"name":"wp","href":"https:\/\/api.w.org\/{rel}","templated":true}]}}