{"id":327,"date":"2024-12-07T09:33:21","date_gmt":"2024-12-07T09:33:21","guid":{"rendered":"https:\/\/evaluacionderiesgoslaborales.com\/tienda\/?post_type=product&#038;p=327"},"modified":"2024-12-07T09:33:21","modified_gmt":"2024-12-07T09:33:21","slug":"herramientas-excel-para-evaluaciones-de-vibraciones-ruido-agentes-quimicos-agentes-biologicos-posturas-ergonomicas-movimientos-de-carga-e-iluminacion","status":"publish","type":"product","link":"https:\/\/evaluacionderiesgoslaborales.com\/tienda\/producto\/herramientas-excel-para-evaluaciones-de-vibraciones-ruido-agentes-quimicos-agentes-biologicos-posturas-ergonomicas-movimientos-de-carga-e-iluminacion\/","title":{"rendered":"Herramientas Excel para Evaluaciones de vibraciones, ruido, agentes qu\u00edmicos, agentes biol\u00f3gicos, posturas ergon\u00f3micas, movimientos de carga e iluminaci\u00f3n."},"content":{"rendered":"<p>En el \u00e1mbito de la <strong>Prevenci\u00f3n de Riesgos Laborales (PRL)<\/strong>, la evaluaci\u00f3n y gesti\u00f3n efectiva de los riesgos es un pilar fundamental para garantizar la seguridad y salud de los trabajadores. Sin embargo, esta tarea puede resultar compleja debido a la cantidad de factores que deben analizarse, como <strong>vibraciones, ruido, agentes qu\u00edmicos y biol\u00f3gicos, posturas ergon\u00f3micas, movimientos de carga e iluminaci\u00f3n<\/strong>. Hoy en d\u00eda existen numerosas herramienta para hacer estos calculo pero para los m\u00e1s nost\u00e1lgicos de c\u00e1lculos m\u00e1s manuales ofrecemos una serie de <strong>hojas de c\u00e1lculo Excel especializadas<\/strong>, que combinan precisi\u00f3n, facilidad de uso y eficiencia.<\/p>\n","protected":false},"excerpt":{"rendered":"<p>Hojas de c\u00e1lculo Excel especializadas, que combinan precisi\u00f3n, facilidad de uso y eficiencia para analizar vibraciones, ruido, agentes qu\u00edmicos y biol\u00f3gicos, posturas ergon\u00f3micas, movimientos de carga e iluminaci\u00f3n.<\/p>\n","protected":false},"featured_media":331,"template":"","meta":[],"product_brand":[],"product_cat":[55],"product_tag":[60,59,63,62,61,58,57],"class_list":{"0":"post-327","1":"product","2":"type-product","3":"status-publish","4":"has-post-thumbnail","6":"product_cat-hojas_calculo","7":"product_tag-agentes-biologicos","8":"product_tag-agentes-quimicos","9":"product_tag-iluminacion","10":"product_tag-movimientos-de-carga","11":"product_tag-posturas-ergonomicas","12":"product_tag-ruido","13":"product_tag-vibraciones","15":"first","16":"instock","17":"downloadable","18":"virtual","19":"purchasable","20":"product-type-simple"},"_links":{"self":[{"href":"https:\/\/evaluacionderiesgoslaborales.com\/tienda\/wp-json\/wp\/v2\/product\/327","targetHints":{"allow":["GET"]}}],"collection":[{"href":"https:\/\/evaluacionderiesgoslaborales.com\/tienda\/wp-json\/wp\/v2\/product"}],"about":[{"href":"https:\/\/evaluacionderiesgoslaborales.com\/tienda\/wp-json\/wp\/v2\/types\/product"}],"wp:featuredmedia":[{"embeddable":true,"href":"https:\/\/evaluacionderiesgoslaborales.com\/tienda\/wp-json\/wp\/v2\/media\/331"}],"wp:attachment":[{"href":"https:\/\/evaluacionderiesgoslaborales.com\/tienda\/wp-json\/wp\/v2\/media?parent=327"}],"wp:term":[{"taxonomy":"product_brand","embeddable":true,"href":"https:\/\/evaluacionderiesgoslaborales.com\/tienda\/wp-json\/wp\/v2\/product_brand?post=327"},{"taxonomy":"product_cat","embeddable":true,"href":"https:\/\/evaluacionderiesgoslaborales.com\/tienda\/wp-json\/wp\/v2\/product_cat?post=327"},{"taxonomy":"product_tag","embeddable":true,"href":"https:\/\/evaluacionderiesgoslaborales.com\/tienda\/wp-json\/wp\/v2\/product_tag?post=327"}],"curies":[{"name":"wp","href":"https:\/\/api.w.org\/{rel}","templated":true}]}}