{"id":338,"date":"2026-03-21T20:09:19","date_gmt":"2026-03-21T20:09:19","guid":{"rendered":"https:\/\/evaluacionderiesgoslaborales.com\/tienda\/?post_type=product&#038;p=338"},"modified":"2026-03-21T20:11:47","modified_gmt":"2026-03-21T20:11:47","slug":"apa-cleaner-para-zotero-limpia-corrige-y-profesionaliza-tu-bibliografia-en-segundos","status":"publish","type":"product","link":"https:\/\/evaluacionderiesgoslaborales.com\/tienda\/producto\/apa-cleaner-para-zotero-limpia-corrige-y-profesionaliza-tu-bibliografia-en-segundos\/","title":{"rendered":"APA Cleaner para Zotero: limpia, corrige y profesionaliza tu bibliograf\u00eda en segundos"},"content":{"rendered":"<p data-start=\"180\" data-end=\"546\">Si trabajas con <strong>Zotero V8<\/strong> y necesitas que tu bibliograf\u00eda cumpla con <strong data-start=\"246\" data-end=\"273\">APA 7 de forma rigurosa<\/strong>, sabr\u00e1s que el proceso manual de revisi\u00f3n puede ser lento, repetitivo y propenso a errores. Para solucionar esto, hemos desarrollado\u00a0<strong data-start=\"407\" data-end=\"422\">APA Cleaner<\/strong>, un plugin dise\u00f1ado espec\u00edficamente para automatizar la correcci\u00f3n de los errores m\u00e1s frecuentes en referencias acad\u00e9micas.<\/p>\n<p data-start=\"548\" data-end=\"708\">Esta herramienta te permite transformar una biblioteca desordenada en una bibliograf\u00eda lista para revisi\u00f3n acad\u00e9mica o defensa de trabajos.<\/p>\n<hr data-start=\"710\" data-end=\"713\" \/>\n<h3 data-section-id=\"1dbawvv\" data-start=\"715\" data-end=\"753\">\u00bfQu\u00e9 hace exactamente APA Cleaner?<\/h3>\n<p data-start=\"755\" data-end=\"896\">El plugin act\u00faa directamente sobre los \u00edtems seleccionados en Zotero y aplica una serie de correcciones autom\u00e1ticas cuidadosamente definidas:<\/p>\n<h4 data-start=\"898\" data-end=\"938\">Correcci\u00f3n de t\u00edtulos seg\u00fan APA 7<\/h4>\n<ul data-start=\"939\" data-end=\"1131\">\n<li data-section-id=\"1qutwj2\" data-start=\"939\" data-end=\"1031\">Convierte t\u00edtulos de art\u00edculos a\u00a0<strong data-start=\"974\" data-end=\"991\">sentence case<\/strong>\u00a0(solo la primera palabra en may\u00fascula).<\/li>\n<li data-section-id=\"bbxb1j\" data-start=\"1032\" data-end=\"1131\">Mantiene coherencia en distintos tipos de documentos (art\u00edculos, libros, cap\u00edtulos, tesis, etc.).<\/li>\n<\/ul>\n<h4 data-start=\"1133\" data-end=\"1162\">Limpieza de DOI y URLs<\/h4>\n<ul data-start=\"1163\" data-end=\"1490\">\n<li data-section-id=\"iocrhz\" data-start=\"1163\" data-end=\"1236\">Elimina el formato\u00a0<code data-start=\"1184\" data-end=\"1205\">https:\/\/doi.org\/...<\/code>\u00a0y deja solo el\u00a0<strong data-start=\"1221\" data-end=\"1235\">DOI limpio<\/strong>.<\/li>\n<li data-section-id=\"z2naa7\" data-start=\"1237\" data-end=\"1312\">Si detecta un DOI en el campo URL, lo mueve autom\u00e1ticamente al campo DOI.<\/li>\n<li data-section-id=\"5iyg29\" data-start=\"1313\" data-end=\"1490\">Detecta enlaces no acad\u00e9micos (ResearchGate, PDFs directos, etc.) y los:\n<ul data-start=\"1390\" data-end=\"1490\">\n<li data-section-id=\"ogr3v9\" data-start=\"1390\" data-end=\"1413\">elimina del campo URL<\/li>\n<li data-section-id=\"73a9nh\" data-start=\"1416\" data-end=\"1490\">guarda en el campo\u00a0<strong data-start=\"1437\" data-end=\"1460\">\u201cExtra \/ Adicional\u201d<\/strong>\u00a0para no perder la informaci\u00f3n<\/li>\n<\/ul>\n<\/li>\n<\/ul>\n<h4 data-start=\"1492\" data-end=\"1530\">Normalizaci\u00f3n general de campos<\/h4>\n<ul data-start=\"1531\" data-end=\"1645\">\n<li data-section-id=\"m4els6\" data-start=\"1531\" data-end=\"1592\">Limpia espacios, caracteres HTML y formatos inconsistentes.<\/li>\n<li data-section-id=\"iv4rsq\" data-start=\"1593\" data-end=\"1645\">Mejora la uniformidad general de la base de datos.<\/li>\n<\/ul>\n<h4 data-start=\"1647\" data-end=\"1691\">Detecci\u00f3n de problemas (modo escaneo)<\/h4>\n<ul data-start=\"1692\" data-end=\"1891\">\n<li data-section-id=\"1bmtjkk\" data-start=\"1692\" data-end=\"1827\">Genera un informe claro dividido en:\n<ul data-start=\"1733\" data-end=\"1827\">\n<li data-section-id=\"rk9jzb\" data-start=\"1733\" data-end=\"1779\"><strong data-start=\"1735\" data-end=\"1779\">CAMBIOS QUE SE APLICAR\u00c1N AUTOM\u00c1TICAMENTE<\/strong><\/li>\n<li data-section-id=\"1hqfhyw\" data-start=\"1782\" data-end=\"1827\"><strong data-start=\"1784\" data-end=\"1827\">ELEMENTOS QUE REQUIEREN REVISI\u00d3N MANUAL<\/strong><\/li>\n<\/ul>\n<\/li>\n<li data-section-id=\"1wgi4du\" data-start=\"1828\" data-end=\"1891\">Exporta el informe como archivo\u00a0<code data-start=\"1862\" data-end=\"1868\">.txt<\/code>\u00a0para revisi\u00f3n externa.<\/li>\n<\/ul>\n<h4 data-start=\"1893\" data-end=\"1932\">Control antes de aplicar cambios<\/h4>\n<ul data-start=\"1933\" data-end=\"2166\">\n<li data-section-id=\"ayoz5g\" data-start=\"1933\" data-end=\"2101\">Si seleccionas varios \u00edtems, el plugin muestra un\u00a0<strong data-start=\"1985\" data-end=\"2001\">aviso previo<\/strong>\u00a0indicando que:\n<ul data-start=\"2019\" data-end=\"2101\">\n<li data-section-id=\"g8ihdv\" data-start=\"2019\" data-end=\"2101\">algunos t\u00e9rminos (pa\u00edses, acr\u00f3nimos, nombres propios) podr\u00edan pasar a min\u00fasculas<\/li>\n<\/ul>\n<\/li>\n<li data-section-id=\"nhx4wu\" data-start=\"2102\" data-end=\"2166\">Puedes\u00a0<strong data-start=\"2111\" data-end=\"2135\">cancelar o continuar<\/strong>, evitando errores no deseados.<\/li>\n<\/ul>\n<h4 data-start=\"2168\" data-end=\"2204\">Correcci\u00f3n espec\u00edfica DOI\/URL<\/h4>\n<ul data-start=\"2205\" data-end=\"2306\">\n<li data-section-id=\"1k3shop\" data-start=\"2205\" data-end=\"2306\">Incluye un bot\u00f3n independiente para limpiar \u00fanicamente DOI y URLs sin modificar el resto de campos.<\/li>\n<\/ul>\n<hr data-start=\"2308\" data-end=\"2311\" \/>\n<h3 data-section-id=\"963lu3\" data-start=\"2313\" data-end=\"2368\">Lo que NO hace (importante para evitar confusiones)<\/h3>\n<p data-start=\"2370\" data-end=\"2406\">Para garantizar transparencia total:<\/p>\n<ul data-start=\"2408\" data-end=\"2677\">\n<li data-section-id=\"oup8qc\" data-start=\"2408\" data-end=\"2496\">No corrige autom\u00e1ticamente nombres propios, pa\u00edses o acr\u00f3nimos (no hay lista blanca)<\/li>\n<li data-section-id=\"nzoavc\" data-start=\"2497\" data-end=\"2565\">No completa referencias incompletas (revista, volumen, p\u00e1ginas\u2026)<\/li>\n<li data-section-id=\"sppw69\" data-start=\"2566\" data-end=\"2611\">No sustituye una revisi\u00f3n acad\u00e9mica final<\/li>\n<li data-section-id=\"1wb2h1q\" data-start=\"2612\" data-end=\"2677\">No modifica autores ni corrige errores ortogr\u00e1ficos complejos<\/li>\n<\/ul>\n<p data-start=\"2679\" data-end=\"2785\">Est\u00e1 dise\u00f1ado como <strong data-start=\"2701\" data-end=\"2746\">herramienta de limpieza y estandarizaci\u00f3n<\/strong>, no como corrector sem\u00e1ntico avanzado.<\/p>\n<hr data-start=\"2787\" data-end=\"2790\" \/>\n<h3 data-section-id=\"slbzq\" data-start=\"2792\" data-end=\"2823\">Para qui\u00e9n es este plugin?<\/h3>\n<ul data-start=\"2825\" data-end=\"3023\">\n<li data-section-id=\"1q94nvz\" data-start=\"2825\" data-end=\"2858\">Estudiantes de TFG, TFM o tesis<\/li>\n<li data-section-id=\"1ecrxaa\" data-start=\"2859\" data-end=\"2912\">Investigadores que preparan art\u00edculos para revistas<\/li>\n<li data-section-id=\"1bb4qxi\" data-start=\"2913\" data-end=\"2950\">Profesores que revisan bibliograf\u00eda<\/li>\n<li data-section-id=\"7idwzp\" data-start=\"2951\" data-end=\"3023\">Cualquier usuario de Zotero que quiera ahorrar horas de trabajo manual<\/li>\n<\/ul>\n<hr data-start=\"3025\" data-end=\"3028\" \/>\n<h3 data-section-id=\"10798d5\" data-start=\"3030\" data-end=\"3044\">Conclusi\u00f3n<\/h3>\n<p data-start=\"3046\" data-end=\"3224\"><strong data-start=\"3046\" data-end=\"3119\">APA Cleaner no pretende hacerlo todo, pero hace lo m\u00e1s tedioso por ti<\/strong>: limpiar, normalizar y dejar tu bibliograf\u00eda en un estado mucho m\u00e1s profesional en cuesti\u00f3n de segundos.<\/p>\n<p data-start=\"3226\" data-end=\"3325\">Por una inversi\u00f3n m\u00ednima comparada con el tiempo que ahorra y los errores que evita, puedes descargar el <strong>plugin en formato xpi listo para integrar en ZOTERO V8.<\/strong><\/p>\n","protected":false},"excerpt":{"rendered":"<p>Si trabajas con Zotero V8 y necesitas que tu bibliograf\u00eda cumpla con APA 7 de forma rigurosa, sabr\u00e1s que el proceso manual de revisi\u00f3n puede ser lento, repetitivo y propenso a errores. Para solucionar esto, hemos desarrollado\u00a0APA Cleaner, un plugin dise\u00f1ado espec\u00edficamente para automatizar la correcci\u00f3n de los errores m\u00e1s&hellip; <\/p>\n","protected":false},"featured_media":340,"template":"","meta":[],"product_brand":[],"product_cat":[64],"product_tag":[],"class_list":{"0":"post-338","1":"product","2":"type-product","3":"status-publish","4":"has-post-thumbnail","6":"product_cat-plugin","8":"first","9":"instock","10":"downloadable","11":"virtual","12":"purchasable","13":"product-type-simple"},"_links":{"self":[{"href":"https:\/\/evaluacionderiesgoslaborales.com\/tienda\/wp-json\/wp\/v2\/product\/338","targetHints":{"allow":["GET"]}}],"collection":[{"href":"https:\/\/evaluacionderiesgoslaborales.com\/tienda\/wp-json\/wp\/v2\/product"}],"about":[{"href":"https:\/\/evaluacionderiesgoslaborales.com\/tienda\/wp-json\/wp\/v2\/types\/product"}],"wp:featuredmedia":[{"embeddable":true,"href":"https:\/\/evaluacionderiesgoslaborales.com\/tienda\/wp-json\/wp\/v2\/media\/340"}],"wp:attachment":[{"href":"https:\/\/evaluacionderiesgoslaborales.com\/tienda\/wp-json\/wp\/v2\/media?parent=338"}],"wp:term":[{"taxonomy":"product_brand","embeddable":true,"href":"https:\/\/evaluacionderiesgoslaborales.com\/tienda\/wp-json\/wp\/v2\/product_brand?post=338"},{"taxonomy":"product_cat","embeddable":true,"href":"https:\/\/evaluacionderiesgoslaborales.com\/tienda\/wp-json\/wp\/v2\/product_cat?post=338"},{"taxonomy":"product_tag","embeddable":true,"href":"https:\/\/evaluacionderiesgoslaborales.com\/tienda\/wp-json\/wp\/v2\/product_tag?post=338"}],"curies":[{"name":"wp","href":"https:\/\/api.w.org\/{rel}","templated":true}]}}